{"id":4418,"date":"2020-10-08T23:08:02","date_gmt":"2020-10-08T20:08:02","guid":{"rendered":"https:\/\/www.periodent.ee\/?page_id=4418"},"modified":"2021-01-17T11:59:18","modified_gmt":"2021-01-17T09:59:18","slug":"implantation","status":"publish","type":"page","link":"https:\/\/www.periodent.ee\/en\/services\/implantation\/","title":{"rendered":"Implantation"},"content":{"rendered":"<p>[vc_row][vc_column width=&#8221;1\/2&#8243;][vc_column_text]<span style=\"font-weight: 400;\">Implantatsioon on kindel v\u00f5imalus <\/span><b>puuduvat hammast asendada<\/b><span style=\"font-weight: 400;\">. Hambaimplantaat on spetsiaalne titaanist kruvi, mis paigaldatakse puuduva hamba kohale. <\/span><\/p>\n<p><span style=\"font-weight: 400;\">Periodentis on v\u00f5imalik\u00a0teha ka <strong>kohest implanteerimist: <\/strong>hammas t\u00f5mmatakse v\u00e4lja,\u00a0asendatakse ja kroonitakse. Nii on v\u00f5imalik probleemsest hambast kiirelt vabaneda ja saada sobiv asendus \u00fche visiidiga.\u00a0<\/span><\/p>\n<p>Hambaimplantaat funktsioneerib p\u00e4rast paigaldamist ja protseduurist taastumist nagu tavaline hammas ning ei vaja olulist muutust elustiilis.[\/vc_column_text][vc_empty_space height=&#8221;24px&#8221;][\/vc_column][vc_column width=&#8221;1\/2&#8243;][vc_single_image image=&#8221;5107&#8243; img_size=&#8221;large&#8221;][vc_empty_space height=&#8221;12px&#8221;][\/vc_column][vc_column css=&#8221;.vc_custom_1502792831729{background-color: #efefef !important;}&#8221;][vc_empty_space][vc_column_text]<\/p>\n<h2>Miks valida implantatsioon Periodentist?<\/h2>\n<p><span style=\"font-weight: 400;\">Pakume\u00a0hamba t\u00e4ielikku implanteerimisv\u00f5imalust, mis h\u00f5lmab<\/span><\/p>\n<ul>\n<li style=\"font-weight: 400;\"><span style=\"font-weight: 400;\">hambaimplantaadi paigaldamist<\/span><\/li>\n<li style=\"font-weight: 400;\"><span style=\"font-weight: 400;\">ajutise v\u00f5i j\u00e4\u00e4dava <a href=\"https:\/\/www.periodent.ee\/teenused\/proteesimine\/\">krooni paigaldamist<\/a><\/span><\/li>\n<li style=\"font-weight: 400;\"><span style=\"font-weight: 400;\">vajaduse korral pehmekoe siirdamist ja p\u00f5skkoopa t\u00f5stmist<\/span><\/li>\n<\/ul>\n<p><span style=\"font-weight: 400;\">Kui prognoos n\u00e4itab hambakaotust, on v\u00f5imalik Periodentis arsti soovitusel otsekohe hammas eemaldada ja asendada implantaadiga.<\/span><\/p>\n<h2>Implanteerimisj\u00e4rgne abi<\/h2>\n<p><span style=\"font-weight: 400;\">Teadusuuringute andmetel on implantaatide edukus 97-98%. Oleme <\/span><b>valmis patsienti igati abistama<\/b><span style=\"font-weight: 400;\">. Kuna implantatsioon t\u00e4hendab v\u00f5\u00f5ra materjali paigaldamist kehasse, j\u00e4rgneb sellele tavaliselt antibiootiline ravi. Juhendame patsienti v\u00f5imalike komplikatsioonide tekke puhul. <\/span><\/p>\n<p><span style=\"font-weight: 400;\">Probleemide\u00a0korral\u00a0on alati v\u00f5imalik v\u00f5tta kliinikuga \u00fchendust ja saada vajadusel abi.<\/span>[\/vc_column_text][vc_empty_space height=&#8221;8px&#8221;][\/vc_column][\/vc_row][vc_row][vc_column][vc_empty_space][vc_cta h2=&#8221;&#8221; h4=&#8221;Pakume kiiret ja turvalist hamba implanteerimist.&#8221; txt_align=&#8221;center&#8221; shape=&#8221;square&#8221; style=&#8221;flat&#8221; color=&#8221;blue&#8221; add_button=&#8221;right&#8221; btn_title=&#8221;Pane aeg kirja&#8221; btn_color=&#8221;white&#8221; css=&#8221;.vc_custom_1502800925327{background-color: #1e73be !important;}&#8221; btn_link=&#8221;url:http%3A%2F%2Fwww.periodent.ee%2Fen%2Fcontact%2F|&#8221;][\/vc_cta][vc_empty_space][\/vc_column][\/vc_row]<\/p>\n","protected":false},"excerpt":{"rendered":"<p>[vc_row][vc_column width=&#8221;1\/2&#8243;][vc_column_text]Implantatsioon on kindel v\u00f5imalus puuduvat hammast asendada. Hambaimplantaat on spetsiaalne titaanist kruvi, mis paigaldatakse puuduva hamba kohale. Periodentis on v\u00f5imalik\u00a0teha ka kohest implanteerimist: hammas t\u00f5mmatakse v\u00e4lja,\u00a0asendatakse ja kroonitakse. Nii on v\u00f5imalik probleemsest hambast kiirelt vabaneda ja saada sobiv asendus \u00fche visiidiga.\u00a0 Hambaimplantaat funktsioneerib p\u00e4rast paigaldamist ja protseduurist taastumist nagu tavaline hammas ning ei vaja&#8230;<\/p>\n","protected":false},"author":4,"featured_media":0,"parent":1974,"menu_order":0,"comment_status":"closed","ping_status":"closed","template":"","meta":{"om_disable_all_campaigns":false},"yoast_head":"<!-- This site is optimized with the Yoast SEO plugin v18.0 - https:\/\/yoast.com\/wordpress\/plugins\/seo\/ -->\n<title>Implantation - Periodent<\/title>\n<meta name=\"robots\" content=\"index, follow, max-snippet:-1, max-image-preview:large, max-video-preview:-1\" \/>\n<link rel=\"canonical\" href=\"https:\/\/www.periodent.ee\/en\/services\/implantation\/\" \/>\n<meta property=\"og:locale\" content=\"en_US\" \/>\n<meta property=\"og:type\" content=\"article\" \/>\n<meta property=\"og:title\" content=\"Implantation - Periodent\" \/>\n<meta property=\"og:description\" content=\"[vc_row][vc_column width=&#8221;1\/2&#8243;][vc_column_text]Implantatsioon on kindel v\u00f5imalus puuduvat hammast asendada. Hambaimplantaat on spetsiaalne titaanist kruvi, mis paigaldatakse puuduva hamba kohale. Periodentis on v\u00f5imalik\u00a0teha ka kohest implanteerimist: hammas t\u00f5mmatakse v\u00e4lja,\u00a0asendatakse ja kroonitakse. Nii on v\u00f5imalik probleemsest hambast kiirelt vabaneda ja saada sobiv asendus \u00fche visiidiga.\u00a0 Hambaimplantaat funktsioneerib p\u00e4rast paigaldamist ja protseduurist taastumist nagu tavaline hammas ning ei vaja...\" \/>\n<meta property=\"og:url\" content=\"https:\/\/www.periodent.ee\/en\/services\/implantation\/\" \/>\n<meta property=\"og:site_name\" content=\"Periodent\" \/>\n<meta property=\"article:publisher\" content=\"https:\/\/www.facebook.com\/PeriodentHambaravi\/\" \/>\n<meta property=\"article:modified_time\" content=\"2021-01-17T09:59:18+00:00\" \/>\n<meta name=\"twitter:card\" content=\"summary\" \/>\n<meta name=\"twitter:label1\" content=\"Est. reading time\" \/>\n\t<meta name=\"twitter:data1\" content=\"1 minute\" \/>\n<script type=\"application\/ld+json\" class=\"yoast-schema-graph\">{\"@context\":\"https:\/\/schema.org\",\"@graph\":[{\"@type\":\"WebSite\",\"@id\":\"https:\/\/www.periodent.ee\/en\/#website\",\"url\":\"https:\/\/www.periodent.ee\/en\/\",\"name\":\"Periodent\",\"description\":\"\",\"potentialAction\":[{\"@type\":\"SearchAction\",\"target\":{\"@type\":\"EntryPoint\",\"urlTemplate\":\"https:\/\/www.periodent.ee\/en\/?s={search_term_string}\"},\"query-input\":\"required name=search_term_string\"}],\"inLanguage\":\"en-US\"},{\"@type\":\"WebPage\",\"@id\":\"https:\/\/www.periodent.ee\/en\/services\/implantation\/#webpage\",\"url\":\"https:\/\/www.periodent.ee\/en\/services\/implantation\/\",\"name\":\"Implantation - Periodent\",\"isPartOf\":{\"@id\":\"https:\/\/www.periodent.ee\/en\/#website\"},\"datePublished\":\"2020-10-08T20:08:02+00:00\",\"dateModified\":\"2021-01-17T09:59:18+00:00\",\"breadcrumb\":{\"@id\":\"https:\/\/www.periodent.ee\/en\/services\/implantation\/#breadcrumb\"},\"inLanguage\":\"en-US\",\"potentialAction\":[{\"@type\":\"ReadAction\",\"target\":[\"https:\/\/www.periodent.ee\/en\/services\/implantation\/\"]}]},{\"@type\":\"BreadcrumbList\",\"@id\":\"https:\/\/www.periodent.ee\/en\/services\/implantation\/#breadcrumb\",\"itemListElement\":[{\"@type\":\"ListItem\",\"position\":1,\"name\":\"Home\",\"item\":\"https:\/\/www.periodent.ee\/en\/\"},{\"@type\":\"ListItem\",\"position\":2,\"name\":\"Services\",\"item\":\"https:\/\/www.periodent.ee\/en\/services\/\"},{\"@type\":\"ListItem\",\"position\":3,\"name\":\"Implantation\"}]}]}<\/script>\n<!-- \/ Yoast SEO plugin. -->","yoast_head_json":{"title":"Implantation - Periodent","robots":{"index":"index","follow":"follow","max-snippet":"max-snippet:-1","max-image-preview":"max-image-preview:large","max-video-preview":"max-video-preview:-1"},"canonical":"https:\/\/www.periodent.ee\/en\/services\/implantation\/","og_locale":"en_US","og_type":"article","og_title":"Implantation - Periodent","og_description":"[vc_row][vc_column width=&#8221;1\/2&#8243;][vc_column_text]Implantatsioon on kindel v\u00f5imalus puuduvat hammast asendada. Hambaimplantaat on spetsiaalne titaanist kruvi, mis paigaldatakse puuduva hamba kohale. Periodentis on v\u00f5imalik\u00a0teha ka kohest implanteerimist: hammas t\u00f5mmatakse v\u00e4lja,\u00a0asendatakse ja kroonitakse. Nii on v\u00f5imalik probleemsest hambast kiirelt vabaneda ja saada sobiv asendus \u00fche visiidiga.\u00a0 Hambaimplantaat funktsioneerib p\u00e4rast paigaldamist ja protseduurist taastumist nagu tavaline hammas ning ei vaja...","og_url":"https:\/\/www.periodent.ee\/en\/services\/implantation\/","og_site_name":"Periodent","article_publisher":"https:\/\/www.facebook.com\/PeriodentHambaravi\/","article_modified_time":"2021-01-17T09:59:18+00:00","twitter_card":"summary","twitter_misc":{"Est. reading time":"1 minute"},"schema":{"@context":"https:\/\/schema.org","@graph":[{"@type":"WebSite","@id":"https:\/\/www.periodent.ee\/en\/#website","url":"https:\/\/www.periodent.ee\/en\/","name":"Periodent","description":"","potentialAction":[{"@type":"SearchAction","target":{"@type":"EntryPoint","urlTemplate":"https:\/\/www.periodent.ee\/en\/?s={search_term_string}"},"query-input":"required name=search_term_string"}],"inLanguage":"en-US"},{"@type":"WebPage","@id":"https:\/\/www.periodent.ee\/en\/services\/implantation\/#webpage","url":"https:\/\/www.periodent.ee\/en\/services\/implantation\/","name":"Implantation - Periodent","isPartOf":{"@id":"https:\/\/www.periodent.ee\/en\/#website"},"datePublished":"2020-10-08T20:08:02+00:00","dateModified":"2021-01-17T09:59:18+00:00","breadcrumb":{"@id":"https:\/\/www.periodent.ee\/en\/services\/implantation\/#breadcrumb"},"inLanguage":"en-US","potentialAction":[{"@type":"ReadAction","target":["https:\/\/www.periodent.ee\/en\/services\/implantation\/"]}]},{"@type":"BreadcrumbList","@id":"https:\/\/www.periodent.ee\/en\/services\/implantation\/#breadcrumb","itemListElement":[{"@type":"ListItem","position":1,"name":"Home","item":"https:\/\/www.periodent.ee\/en\/"},{"@type":"ListItem","position":2,"name":"Services","item":"https:\/\/www.periodent.ee\/en\/services\/"},{"@type":"ListItem","position":3,"name":"Implantation"}]}]}},"_links":{"self":[{"href":"https:\/\/www.periodent.ee\/en\/wp-json\/wp\/v2\/pages\/4418"}],"collection":[{"href":"https:\/\/www.periodent.ee\/en\/wp-json\/wp\/v2\/pages"}],"about":[{"href":"https:\/\/www.periodent.ee\/en\/wp-json\/wp\/v2\/types\/page"}],"author":[{"embeddable":true,"href":"https:\/\/www.periodent.ee\/en\/wp-json\/wp\/v2\/users\/4"}],"replies":[{"embeddable":true,"href":"https:\/\/www.periodent.ee\/en\/wp-json\/wp\/v2\/comments?post=4418"}],"version-history":[{"count":3,"href":"https:\/\/www.periodent.ee\/en\/wp-json\/wp\/v2\/pages\/4418\/revisions"}],"predecessor-version":[{"id":6249,"href":"https:\/\/www.periodent.ee\/en\/wp-json\/wp\/v2\/pages\/4418\/revisions\/6249"}],"up":[{"embeddable":true,"href":"https:\/\/www.periodent.ee\/en\/wp-json\/wp\/v2\/pages\/1974"}],"wp:attachment":[{"href":"https:\/\/www.periodent.ee\/en\/wp-json\/wp\/v2\/media?parent=4418"}],"curies":[{"name":"wp","href":"https:\/\/api.w.org\/{rel}","templated":true}]}}